{"id":12198,"date":"2021-01-08T12:30:39","date_gmt":"2021-01-08T11:30:39","guid":{"rendered":"https:\/\/www.jagdschule-luedersburg.de\/akademie\/dev\/?post_type=product&#038;p=12198"},"modified":"2021-07-28T17:26:03","modified_gmt":"2021-07-28T15:26:03","slug":"e-learning-kurs","status":"publish","type":"product","link":"https:\/\/www.jagdschule-luedersburg.de\/akademie\/produkt\/e-learning-kurs\/","title":{"rendered":"E-Learning Kurs &#8211; Gesamtpaket"},"content":{"rendered":"<p>Lernpakete zum <strong>Nulltarif<\/strong> f\u00fcr Teilnehmer eines Jagdscheinkurses der Jagdschule L\u00fcdersburg.<br \/>\nSie erhalten einen <strong>Gutscheincode<\/strong> von der Jagdschule L\u00fcdersburg, durch den sich Ihr Kaufpreis auf 0\u20ac reduzieren. Den Gutscheincode k\u00f6nnen Sie eingeben, nachdem Sie das Produkt in den Warenkorb gelegt haben.<\/p>\n<h4><u>Fachgebiet 1: <\/u>Dem Jagdrechte unterliegende und andere freilebende Tiere<\/h4>\n<ul>\n<li>Schalenwild<\/li>\n<li>Haarwild<\/li>\n<li>Federwild<\/li>\n<li>Sonstige freilebende Tiere<\/li>\n<\/ul>\n<h4><u>Fachgebiet 2: <\/u>Jagdwaffen und Fangger\u00e4te<\/h4>\n<ul>\n<li>B\u00fcchsen<\/li>\n<li>Flinten<\/li>\n<li>Kombinierte Waffen<\/li>\n<li>Kurzwaffen<\/li>\n<li>Ballistik<\/li>\n<li>Jagdoptik<\/li>\n<li>Fangjagd<\/li>\n<\/ul>\n<h4><u>Fachgebiet 3: <\/u>Naturschutz, Hege und Jagdbetrieb<\/h4>\n<ul>\n<li>Naturschutz<\/li>\n<li>Landbau und Landwirtschaft<\/li>\n<li>Waldbau<\/li>\n<li>Hege<\/li>\n<li>Jagdbetrieb<\/li>\n<\/ul>\n<h4><u>Fachgebiet 4: <\/u>Behandlung erlegten Wildes, Wildkrankheiten, Jagdhundewesen, jagdliches Brauchtum<\/h4>\n<ul>\n<li>Behandlung des erlegten Wildes<\/li>\n<li>Wildkrankheiten<\/li>\n<li>Jagdhundewesen<\/li>\n<li>Jagdliches Brauchtum<\/li>\n<\/ul>\n<h4><u>Fachgebiet 5: <\/u>Jagdrecht und verwandtes Recht<\/h4>\n<ul>\n<li>Inhalt des Jagdrechts<\/li>\n<li>Jagdbezirke<\/li>\n<li>Jagdaus\u00fcbungsrecht<\/li>\n<li>Jagdaus\u00fcbung<\/li>\n<li>Jagdschutz<\/li>\n<li>Wild und Jagdschaden<\/li>\n<li>Waffenrecht<\/li>\n<li>Natur und Landschaftspflegerecht<\/li>\n<li>Fleischbeschaurecht<\/li>\n<\/ul>\n<p><strong>Leistungen:<\/strong><\/p>\n<ul>\n<li>Zugang f\u00fcr 180 Tage<\/li>\n<li>Zugang zu allen Lektionen aus allen Fachgebieten mit \u00fcber 250 Videos<\/li>\n<li>Zugang zu allen Tests mit \u00fcber 2.500 Pr\u00fcfungsfragen<\/li>\n<li>Anrechnung des Kaufpreises bei Buchung eines Jagdscheinkurses*<\/li>\n<\/ul>\n<p>*Gilt nur f\u00fcr Kurse der Natur- und Jagdschule L\u00fcdersburg innerhalb von 12 Monaten ab Kaufdatum<\/p>\n","protected":false},"excerpt":{"rendered":"<p>Lernpakete zum Nulltarif f\u00fcr Teilnehmer eines Jagdscheinkurses der Jagdschule L\u00fcdersburg.  [&#8230;]<\/p>\n","protected":false},"featured_media":14037,"template":"","meta":[],"product_brand":[],"product_cat":[51],"product_tag":[],"class_list":{"0":"post-12198","1":"product","2":"type-product","3":"status-publish","4":"has-post-thumbnail","6":"product_cat-e-learning-kurs","8":"first","9":"instock","10":"virtual","11":"sold-individually","12":"taxable","13":"purchasable","14":"product-type-course"},"yoast_head":"<!-- This site is optimized with the Yoast SEO plugin v26.9 - https:\/\/yoast.com\/product\/yoast-seo-wordpress\/ -->\n<title>E-Learning Kurs - Gesamtpaket - Jagdschule L\u00fcdersburg Akademie<\/title>\n<meta name=\"robots\" content=\"index, follow, max-snippet:-1, max-image-preview:large, max-video-preview:-1\" \/>\n<link rel=\"canonical\" href=\"https:\/\/www.jagdschule-luedersburg.de\/akademie\/produkt\/e-learning-kurs\/\" \/>\n<meta property=\"og:locale\" content=\"de_DE\" \/>\n<meta property=\"og:type\" content=\"article\" \/>\n<meta property=\"og:title\" content=\"E-Learning Kurs - Gesamtpaket - Jagdschule L\u00fcdersburg Akademie\" \/>\n<meta property=\"og:description\" content=\"Lernpakete zum Nulltarif f\u00fcr Teilnehmer eines Jagdscheinkurses der Jagdschule L\u00fcdersburg. [...]\" \/>\n<meta property=\"og:url\" content=\"https:\/\/www.jagdschule-luedersburg.de\/akademie\/produkt\/e-learning-kurs\/\" \/>\n<meta property=\"og:site_name\" content=\"Jagdschule L\u00fcdersburg Akademie\" \/>\n<meta property=\"article:modified_time\" content=\"2021-07-28T15:26:03+00:00\" \/>\n<meta property=\"og:image\" content=\"https:\/\/www.jagdschule-luedersburg.de\/akademie\/wp-content\/uploads\/2021\/01\/woocommerce-produktbild-fachgebiet1-5.jpg\" \/>\n\t<meta property=\"og:image:width\" content=\"700\" \/>\n\t<meta property=\"og:image:height\" content=\"700\" \/>\n\t<meta property=\"og:image:type\" content=\"image\/jpeg\" \/>\n<meta name=\"twitter:card\" content=\"summary_large_image\" \/>\n<meta name=\"twitter:label1\" content=\"Gesch\u00e4tzte Lesezeit\" \/>\n\t<meta name=\"twitter:data1\" content=\"1\u00a0Minute\" \/>\n<script type=\"application\/ld+json\" class=\"yoast-schema-graph\">{\"@context\":\"https:\/\/schema.org\",\"@graph\":[{\"@type\":\"WebPage\",\"@id\":\"https:\/\/www.jagdschule-luedersburg.de\/akademie\/produkt\/e-learning-kurs\/\",\"url\":\"https:\/\/www.jagdschule-luedersburg.de\/akademie\/produkt\/e-learning-kurs\/\",\"name\":\"E-Learning Kurs - Gesamtpaket - Jagdschule L\u00fcdersburg Akademie\",\"isPartOf\":{\"@id\":\"https:\/\/www.jagdschule-luedersburg.de\/akademie\/#website\"},\"primaryImageOfPage\":{\"@id\":\"https:\/\/www.jagdschule-luedersburg.de\/akademie\/produkt\/e-learning-kurs\/#primaryimage\"},\"image\":{\"@id\":\"https:\/\/www.jagdschule-luedersburg.de\/akademie\/produkt\/e-learning-kurs\/#primaryimage\"},\"thumbnailUrl\":\"https:\/\/www.jagdschule-luedersburg.de\/akademie\/wp-content\/uploads\/2021\/01\/woocommerce-produktbild-fachgebiet1-5.jpg\",\"datePublished\":\"2021-01-08T11:30:39+00:00\",\"dateModified\":\"2021-07-28T15:26:03+00:00\",\"breadcrumb\":{\"@id\":\"https:\/\/www.jagdschule-luedersburg.de\/akademie\/produkt\/e-learning-kurs\/#breadcrumb\"},\"inLanguage\":\"de\",\"potentialAction\":[{\"@type\":\"ReadAction\",\"target\":[\"https:\/\/www.jagdschule-luedersburg.de\/akademie\/produkt\/e-learning-kurs\/\"]}]},{\"@type\":\"ImageObject\",\"inLanguage\":\"de\",\"@id\":\"https:\/\/www.jagdschule-luedersburg.de\/akademie\/produkt\/e-learning-kurs\/#primaryimage\",\"url\":\"https:\/\/www.jagdschule-luedersburg.de\/akademie\/wp-content\/uploads\/2021\/01\/woocommerce-produktbild-fachgebiet1-5.jpg\",\"contentUrl\":\"https:\/\/www.jagdschule-luedersburg.de\/akademie\/wp-content\/uploads\/2021\/01\/woocommerce-produktbild-fachgebiet1-5.jpg\",\"width\":700,\"height\":700},{\"@type\":\"BreadcrumbList\",\"@id\":\"https:\/\/www.jagdschule-luedersburg.de\/akademie\/produkt\/e-learning-kurs\/#breadcrumb\",\"itemListElement\":[{\"@type\":\"ListItem\",\"position\":1,\"name\":\"Startseite\",\"item\":\"https:\/\/www.jagdschule-luedersburg.de\/akademie\/\"},{\"@type\":\"ListItem\",\"position\":2,\"name\":\"Shop\",\"item\":\"https:\/\/www.jagdschule-luedersburg.de\/akademie\/shop\/\"},{\"@type\":\"ListItem\",\"position\":3,\"name\":\"E-Learning Kurs &#8211; Gesamtpaket\"}]},{\"@type\":\"WebSite\",\"@id\":\"https:\/\/www.jagdschule-luedersburg.de\/akademie\/#website\",\"url\":\"https:\/\/www.jagdschule-luedersburg.de\/akademie\/\",\"name\":\"Jagdschule L\u00fcdersburg Akademie\",\"description\":\"\",\"potentialAction\":[{\"@type\":\"SearchAction\",\"target\":{\"@type\":\"EntryPoint\",\"urlTemplate\":\"https:\/\/www.jagdschule-luedersburg.de\/akademie\/?s={search_term_string}\"},\"query-input\":{\"@type\":\"PropertyValueSpecification\",\"valueRequired\":true,\"valueName\":\"search_term_string\"}}],\"inLanguage\":\"de\"}]}<\/script>\n<!-- \/ Yoast SEO plugin. -->","yoast_head_json":{"title":"E-Learning Kurs - Gesamtpaket - Jagdschule L\u00fcdersburg Akademie","robots":{"index":"index","follow":"follow","max-snippet":"max-snippet:-1","max-image-preview":"max-image-preview:large","max-video-preview":"max-video-preview:-1"},"canonical":"https:\/\/www.jagdschule-luedersburg.de\/akademie\/produkt\/e-learning-kurs\/","og_locale":"de_DE","og_type":"article","og_title":"E-Learning Kurs - Gesamtpaket - Jagdschule L\u00fcdersburg Akademie","og_description":"Lernpakete zum Nulltarif f\u00fcr Teilnehmer eines Jagdscheinkurses der Jagdschule L\u00fcdersburg. [...]","og_url":"https:\/\/www.jagdschule-luedersburg.de\/akademie\/produkt\/e-learning-kurs\/","og_site_name":"Jagdschule L\u00fcdersburg Akademie","article_modified_time":"2021-07-28T15:26:03+00:00","og_image":[{"width":700,"height":700,"url":"https:\/\/www.jagdschule-luedersburg.de\/akademie\/wp-content\/uploads\/2021\/01\/woocommerce-produktbild-fachgebiet1-5.jpg","type":"image\/jpeg"}],"twitter_card":"summary_large_image","twitter_misc":{"Gesch\u00e4tzte Lesezeit":"1\u00a0Minute"},"schema":{"@context":"https:\/\/schema.org","@graph":[{"@type":"WebPage","@id":"https:\/\/www.jagdschule-luedersburg.de\/akademie\/produkt\/e-learning-kurs\/","url":"https:\/\/www.jagdschule-luedersburg.de\/akademie\/produkt\/e-learning-kurs\/","name":"E-Learning Kurs - Gesamtpaket - Jagdschule L\u00fcdersburg Akademie","isPartOf":{"@id":"https:\/\/www.jagdschule-luedersburg.de\/akademie\/#website"},"primaryImageOfPage":{"@id":"https:\/\/www.jagdschule-luedersburg.de\/akademie\/produkt\/e-learning-kurs\/#primaryimage"},"image":{"@id":"https:\/\/www.jagdschule-luedersburg.de\/akademie\/produkt\/e-learning-kurs\/#primaryimage"},"thumbnailUrl":"https:\/\/www.jagdschule-luedersburg.de\/akademie\/wp-content\/uploads\/2021\/01\/woocommerce-produktbild-fachgebiet1-5.jpg","datePublished":"2021-01-08T11:30:39+00:00","dateModified":"2021-07-28T15:26:03+00:00","breadcrumb":{"@id":"https:\/\/www.jagdschule-luedersburg.de\/akademie\/produkt\/e-learning-kurs\/#breadcrumb"},"inLanguage":"de","potentialAction":[{"@type":"ReadAction","target":["https:\/\/www.jagdschule-luedersburg.de\/akademie\/produkt\/e-learning-kurs\/"]}]},{"@type":"ImageObject","inLanguage":"de","@id":"https:\/\/www.jagdschule-luedersburg.de\/akademie\/produkt\/e-learning-kurs\/#primaryimage","url":"https:\/\/www.jagdschule-luedersburg.de\/akademie\/wp-content\/uploads\/2021\/01\/woocommerce-produktbild-fachgebiet1-5.jpg","contentUrl":"https:\/\/www.jagdschule-luedersburg.de\/akademie\/wp-content\/uploads\/2021\/01\/woocommerce-produktbild-fachgebiet1-5.jpg","width":700,"height":700},{"@type":"BreadcrumbList","@id":"https:\/\/www.jagdschule-luedersburg.de\/akademie\/produkt\/e-learning-kurs\/#breadcrumb","itemListElement":[{"@type":"ListItem","position":1,"name":"Startseite","item":"https:\/\/www.jagdschule-luedersburg.de\/akademie\/"},{"@type":"ListItem","position":2,"name":"Shop","item":"https:\/\/www.jagdschule-luedersburg.de\/akademie\/shop\/"},{"@type":"ListItem","position":3,"name":"E-Learning Kurs &#8211; Gesamtpaket"}]},{"@type":"WebSite","@id":"https:\/\/www.jagdschule-luedersburg.de\/akademie\/#website","url":"https:\/\/www.jagdschule-luedersburg.de\/akademie\/","name":"Jagdschule L\u00fcdersburg Akademie","description":"","potentialAction":[{"@type":"SearchAction","target":{"@type":"EntryPoint","urlTemplate":"https:\/\/www.jagdschule-luedersburg.de\/akademie\/?s={search_term_string}"},"query-input":{"@type":"PropertyValueSpecification","valueRequired":true,"valueName":"search_term_string"}}],"inLanguage":"de"}]}},"_links":{"self":[{"href":"https:\/\/www.jagdschule-luedersburg.de\/akademie\/wp-json\/wp\/v2\/product\/12198","targetHints":{"allow":["GET"]}}],"collection":[{"href":"https:\/\/www.jagdschule-luedersburg.de\/akademie\/wp-json\/wp\/v2\/product"}],"about":[{"href":"https:\/\/www.jagdschule-luedersburg.de\/akademie\/wp-json\/wp\/v2\/types\/product"}],"wp:featuredmedia":[{"embeddable":true,"href":"https:\/\/www.jagdschule-luedersburg.de\/akademie\/wp-json\/wp\/v2\/media\/14037"}],"wp:attachment":[{"href":"https:\/\/www.jagdschule-luedersburg.de\/akademie\/wp-json\/wp\/v2\/media?parent=12198"}],"wp:term":[{"taxonomy":"product_brand","embeddable":true,"href":"https:\/\/www.jagdschule-luedersburg.de\/akademie\/wp-json\/wp\/v2\/product_brand?post=12198"},{"taxonomy":"product_cat","embeddable":true,"href":"https:\/\/www.jagdschule-luedersburg.de\/akademie\/wp-json\/wp\/v2\/product_cat?post=12198"},{"taxonomy":"product_tag","embeddable":true,"href":"https:\/\/www.jagdschule-luedersburg.de\/akademie\/wp-json\/wp\/v2\/product_tag?post=12198"}],"curies":[{"name":"wp","href":"https:\/\/api.w.org\/{rel}","templated":true}]}}